{"id":10,"date":"2025-04-06T23:25:36","date_gmt":"2025-04-07T02:25:36","guid":{"rendered":"https:\/\/pegasuswidjaja.wordpress.com\/?page_id=10"},"modified":"2025-04-06T23:25:36","modified_gmt":"2025-04-07T02:25:36","slug":"por-que-tercerizar","status":"publish","type":"page","link":"http:\/\/pegasusparking.com.br\/index.php\/por-que-tercerizar\/","title":{"rendered":"POR QUE TERCEIRIZAR?"},"content":{"rendered":"\n<div class=\"wp-block-group alignfull has-global-padding is-layout-constrained wp-container-core-group-is-layout-034b7600 wp-block-group-is-layout-constrained\" style=\"margin-top:0;margin-bottom:0;padding-top:var(--wp--preset--spacing--50);padding-bottom:var(--wp--preset--spacing--50)\">\n<div class=\"wp-block-columns alignwide is-layout-flex wp-container-core-columns-is-layout-7f3773af wp-block-columns-is-layout-flex\">\n<div class=\"wp-block-column is-layout-flow wp-block-column-is-layout-flow\" style=\"padding-top:var(--wp--preset--spacing--10);padding-right:var(--wp--preset--spacing--10);padding-bottom:var(--wp--preset--spacing--10);padding-left:var(--wp--preset--spacing--10)\">\n<div class=\"wp-block-group has-global-padding is-content-justification-center is-layout-constrained wp-container-core-group-is-layout-bcb729ef wp-block-group-is-layout-constrained\">\n<div class=\"wp-block-group is-vertical is-content-justification-center is-nowrap is-layout-flex wp-container-core-group-is-layout-4bb8256a wp-block-group-is-layout-flex\">\n<figure class=\"wp-block-image size-full is-resized has-custom-border\"><img loading=\"lazy\" decoding=\"async\" width=\"1080\" height=\"1080\" src=\"https:\/\/pegasuswidjaja.wordpress.com\/wp-content\/uploads\/2025\/04\/dinheiro.png\" alt=\"\" class=\"wp-image-170\" style=\"border-radius:100px;object-fit:cover;width:68px;height:auto\" srcset=\"http:\/\/pegasusparking.com.br\/wp-content\/uploads\/2025\/04\/dinheiro.png 1080w, http:\/\/pegasusparking.com.br\/wp-content\/uploads\/2025\/04\/dinheiro-300x300.png 300w, http:\/\/pegasusparking.com.br\/wp-content\/uploads\/2025\/04\/dinheiro-1024x1024.png 1024w, http:\/\/pegasusparking.com.br\/wp-content\/uploads\/2025\/04\/dinheiro-150x150.png 150w, http:\/\/pegasusparking.com.br\/wp-content\/uploads\/2025\/04\/dinheiro-768x768.png 768w\" sizes=\"auto, (max-width: 1080px) 100vw, 1080px\" \/><\/figure>\n\n\n\n<div class=\"wp-block-group is-layout-flow wp-container-core-group-is-layout-15eb98a8 wp-block-group-is-layout-flow\">\n<h3 class=\"wp-block-heading has-text-align-center is-testimonial-name has-small-font-size\" style=\"line-height:1\">Jayla H.<\/h3>\n\n\n\n<p class=\"has-text-align-center is-testimonial-handle has-small-font-size\" style=\"line-height:1\">@wordpress<\/p>\n<\/div>\n<\/div>\n\n\n\n<div style=\"height:0\" aria-hidden=\"true\" class=\"wp-block-spacer\"><\/div>\n\n\n\n<p class=\"has-text-align-left is-testimonial-review\">\u25ba Tendo como principais propostas rentabilizar e otimizar o uso das vagas, a Pegasus Parking foca na gera\u00e7\u00e3o de receita agregada e minimiza\u00e7\u00e3o de custos.<\/p>\n<\/div>\n<\/div>\n\n\n\n<div class=\"wp-block-column is-layout-flow wp-block-column-is-layout-flow\" style=\"padding-top:var(--wp--preset--spacing--10);padding-right:var(--wp--preset--spacing--10);padding-bottom:var(--wp--preset--spacing--10);padding-left:var(--wp--preset--spacing--10)\">\n<div class=\"wp-block-group has-global-padding is-content-justification-center is-layout-constrained wp-container-core-group-is-layout-bcb729ef wp-block-group-is-layout-constrained\">\n<div class=\"wp-block-group is-vertical is-content-justification-center is-nowrap is-layout-flex wp-container-core-group-is-layout-64246d41 wp-block-group-is-layout-flex\">\n<figure class=\"wp-block-image size-full is-resized has-custom-border\"><img loading=\"lazy\" decoding=\"async\" width=\"1080\" height=\"1080\" src=\"https:\/\/pegasuswidjaja.wordpress.com\/wp-content\/uploads\/2025\/04\/camera-1.png\" alt=\"\" class=\"wp-image-167\" style=\"border-radius:100px;object-fit:cover;width:67px;height:auto\" srcset=\"http:\/\/pegasusparking.com.br\/wp-content\/uploads\/2025\/04\/camera-1.png 1080w, http:\/\/pegasusparking.com.br\/wp-content\/uploads\/2025\/04\/camera-1-300x300.png 300w, http:\/\/pegasusparking.com.br\/wp-content\/uploads\/2025\/04\/camera-1-1024x1024.png 1024w, http:\/\/pegasusparking.com.br\/wp-content\/uploads\/2025\/04\/camera-1-150x150.png 150w, http:\/\/pegasusparking.com.br\/wp-content\/uploads\/2025\/04\/camera-1-768x768.png 768w\" sizes=\"auto, (max-width: 1080px) 100vw, 1080px\" \/><\/figure>\n\n\n\n<div class=\"wp-block-group is-layout-flow wp-container-core-group-is-layout-15eb98a8 wp-block-group-is-layout-flow\">\n<h3 class=\"wp-block-heading has-text-align-center is-testimonial-name has-small-font-size\" style=\"line-height:1\">Jayla H.<\/h3>\n\n\n\n<p class=\"has-text-align-center is-testimonial-handle has-small-font-size\" style=\"line-height:1\">@wordpress<\/p>\n<\/div>\n<\/div>\n\n\n\n<div style=\"height:0\" aria-hidden=\"true\" class=\"wp-block-spacer\"><\/div>\n\n\n\n<p class=\"has-text-align-left is-testimonial-review\">\u25ba Sistema de monitoramento com c\u00e2meras dos ve\u00edculos.<\/p>\n<\/div>\n<\/div>\n\n\n\n<div class=\"wp-block-column is-layout-flow wp-block-column-is-layout-flow\" style=\"padding-top:var(--wp--preset--spacing--10);padding-right:var(--wp--preset--spacing--10);padding-bottom:var(--wp--preset--spacing--10);padding-left:var(--wp--preset--spacing--10)\">\n<div class=\"wp-block-group has-global-padding is-content-justification-center is-layout-constrained wp-container-core-group-is-layout-bcb729ef wp-block-group-is-layout-constrained\">\n<div class=\"wp-block-group is-vertical is-content-justification-center is-nowrap is-layout-flex wp-container-core-group-is-layout-64246d41 wp-block-group-is-layout-flex\">\n<figure class=\"wp-block-image size-full is-resized has-custom-border\"><img loading=\"lazy\" decoding=\"async\" width=\"1080\" height=\"1080\" src=\"https:\/\/pegasuswidjaja.wordpress.com\/wp-content\/uploads\/2025\/04\/vagas-1.png\" alt=\"\" class=\"wp-image-169\" style=\"border-radius:100px;object-fit:cover;width:70px;height:auto\" srcset=\"http:\/\/pegasusparking.com.br\/wp-content\/uploads\/2025\/04\/vagas-1.png 1080w, http:\/\/pegasusparking.com.br\/wp-content\/uploads\/2025\/04\/vagas-1-300x300.png 300w, http:\/\/pegasusparking.com.br\/wp-content\/uploads\/2025\/04\/vagas-1-1024x1024.png 1024w, http:\/\/pegasusparking.com.br\/wp-content\/uploads\/2025\/04\/vagas-1-150x150.png 150w, http:\/\/pegasusparking.com.br\/wp-content\/uploads\/2025\/04\/vagas-1-768x768.png 768w\" sizes=\"auto, (max-width: 1080px) 100vw, 1080px\" \/><\/figure>\n\n\n\n<div class=\"wp-block-group is-layout-flow wp-container-core-group-is-layout-15eb98a8 wp-block-group-is-layout-flow\">\n<h3 class=\"wp-block-heading has-text-align-center is-testimonial-name has-small-font-size\" style=\"line-height:1\">Jayla H.<\/h3>\n\n\n\n<p class=\"has-text-align-center is-testimonial-handle has-small-font-size\" style=\"line-height:1\">@wordpress<\/p>\n<\/div>\n<\/div>\n\n\n\n<div style=\"height:0\" aria-hidden=\"true\" class=\"wp-block-spacer\"><\/div>\n\n\n\n<p class=\"has-text-align-left is-testimonial-review\">\u25ba Implanta\u00e7\u00e3o de equipamentos automatizados para organizar e disciplinar o uso do espa\u00e7o f\u00edsico.<\/p>\n<\/div>\n<\/div>\n\n\n\n<div class=\"wp-block-column is-layout-flow wp-block-column-is-layout-flow\" style=\"padding-top:var(--wp--preset--spacing--10);padding-right:var(--wp--preset--spacing--10);padding-bottom:var(--wp--preset--spacing--10);padding-left:var(--wp--preset--spacing--10)\">\n<div class=\"wp-block-group has-global-padding is-content-justification-center is-layout-constrained wp-container-core-group-is-layout-bcb729ef wp-block-group-is-layout-constrained\">\n<div class=\"wp-block-group is-vertical is-content-justification-center is-nowrap is-layout-flex wp-container-core-group-is-layout-64246d41 wp-block-group-is-layout-flex\">\n<figure class=\"wp-block-image size-full is-resized has-custom-border\"><img loading=\"lazy\" decoding=\"async\" width=\"1080\" height=\"1080\" src=\"https:\/\/pegasuswidjaja.wordpress.com\/wp-content\/uploads\/2025\/04\/est.png\" alt=\"\" class=\"wp-image-171\" style=\"border-radius:100px;object-fit:cover;width:73px;height:auto\" srcset=\"http:\/\/pegasusparking.com.br\/wp-content\/uploads\/2025\/04\/est.png 1080w, http:\/\/pegasusparking.com.br\/wp-content\/uploads\/2025\/04\/est-300x300.png 300w, http:\/\/pegasusparking.com.br\/wp-content\/uploads\/2025\/04\/est-1024x1024.png 1024w, http:\/\/pegasusparking.com.br\/wp-content\/uploads\/2025\/04\/est-150x150.png 150w, http:\/\/pegasusparking.com.br\/wp-content\/uploads\/2025\/04\/est-768x768.png 768w\" sizes=\"auto, (max-width: 1080px) 100vw, 1080px\" \/><\/figure>\n\n\n\n<div class=\"wp-block-group is-layout-flow wp-container-core-group-is-layout-15eb98a8 wp-block-group-is-layout-flow\">\n<h4 class=\"wp-block-heading has-text-align-center is-testimonial-name has-small-font-size\" style=\"line-height:1\">Esperan\u00e7a D.<\/h4>\n\n\n\n<p class=\"has-text-align-center is-testimonial-handle has-small-font-size\" style=\"line-height:1\">@wordpress<\/p>\n<\/div>\n<\/div>\n\n\n\n<div style=\"height:0\" aria-hidden=\"true\" class=\"wp-block-spacer\"><\/div>\n\n\n\n<p class=\"has-text-align-left is-testimonial-review\">\u25ba Os benef\u00edcios da terceiriza\u00e7\u00e3o de garagens incluem tamb\u00e9m a assun\u00e7\u00e3o de responsabilidades c\u00edveis e trabalhistas pela Pegasus Parking, permitindo ao cliente focar em suas atividades centrais, com a certeza de uma opera\u00e7\u00e3o rent\u00e1vel e bem administrada.<\/p>\n<\/div>\n<\/div>\n<\/div>\n<\/div>\n","protected":false},"excerpt":{"rendered":"<p>Jayla H. @wordpress \u25ba Tendo como principais propostas rentabilizar e otimizar o uso das vagas, a Pegasus Parking foca na gera\u00e7\u00e3o de receita agregada e minimiza\u00e7\u00e3o de custos. Jayla H. @wordpress \u25ba Sistema de monitoramento com c\u00e2meras dos ve\u00edculos. Jayla H. @wordpress \u25ba Implanta\u00e7\u00e3o de equipamentos automatizados para organizar e disciplinar o uso do espa\u00e7o [&hellip;]<\/p>\n","protected":false},"author":1,"featured_media":0,"parent":0,"menu_order":0,"comment_status":"closed","ping_status":"closed","template":"","meta":{"footnotes":""},"class_list":["post-10","page","type-page","status-publish","hentry"],"_links":{"self":[{"href":"http:\/\/pegasusparking.com.br\/index.php\/wp-json\/wp\/v2\/pages\/10","targetHints":{"allow":["GET"]}}],"collection":[{"href":"http:\/\/pegasusparking.com.br\/index.php\/wp-json\/wp\/v2\/pages"}],"about":[{"href":"http:\/\/pegasusparking.com.br\/index.php\/wp-json\/wp\/v2\/types\/page"}],"author":[{"embeddable":true,"href":"http:\/\/pegasusparking.com.br\/index.php\/wp-json\/wp\/v2\/users\/1"}],"replies":[{"embeddable":true,"href":"http:\/\/pegasusparking.com.br\/index.php\/wp-json\/wp\/v2\/comments?post=10"}],"version-history":[{"count":0,"href":"http:\/\/pegasusparking.com.br\/index.php\/wp-json\/wp\/v2\/pages\/10\/revisions"}],"wp:attachment":[{"href":"http:\/\/pegasusparking.com.br\/index.php\/wp-json\/wp\/v2\/media?parent=10"}],"curies":[{"name":"wp","href":"https:\/\/api.w.org\/{rel}","templated":true}]}}