{"id":12,"date":"2025-04-06T23:25:36","date_gmt":"2025-04-07T02:25:36","guid":{"rendered":"https:\/\/pegasuswidjaja.wordpress.com\/?page_id=12"},"modified":"2025-04-06T23:25:36","modified_gmt":"2025-04-07T02:25:36","slug":"diferenciais","status":"publish","type":"page","link":"http:\/\/pegasusparking.com.br\/index.php\/diferenciais\/","title":{"rendered":"DIFERENCIAIS"},"content":{"rendered":"\n<div class=\"wp-block-group alignfull has-accent-2-background-color has-background has-global-padding is-layout-constrained wp-container-core-group-is-layout-669513ed wp-block-group-is-layout-constrained\" style=\"margin-top:0;margin-bottom:0;padding-top:var(--wp--preset--spacing--50);padding-right:var(--wp--preset--spacing--50);padding-bottom:var(--wp--preset--spacing--50);padding-left:var(--wp--preset--spacing--50)\">\n<ul class=\"wp-block-list\">\n<li>A Pegasus Parking \u00e9 reconhecida por seu compromisso em oferecer estacionamentos de excel\u00eancia, sempre priorizando a seguran\u00e7a, conforto e efici\u00eancia para seus usu\u00e1rios. Com uma localiza\u00e7\u00e3o estrat\u00e9gica em \u00e1reas de f\u00e1cil acesso, nossos estacionamentos est\u00e3o situados pr\u00f3ximos a centros comerciais, hospitais, escrit\u00f3rios e atra\u00e7\u00f5es tur\u00edsticas, facilitando a chegada e sa\u00edda dos motoristas.<\/li>\n<\/ul>\n\n\n\n<div style=\"height:49px\" aria-hidden=\"true\" class=\"wp-block-spacer\"><\/div>\n\n\n\n<figure class=\"wp-block-gallery alignwide has-nested-images columns-default is-cropped wp-block-gallery-2 is-layout-flex wp-block-gallery-is-layout-flex\">\n<figure class=\"wp-block-image size-large is-style-rounded is-style-rounded--1\"><img decoding=\"async\" data-id=\"136\" src=\"https:\/\/pegasuswidjaja.wordpress.com\/wp-content\/uploads\/2025\/04\/20240301_143929-edited.jpg\" alt=\"\" class=\"wp-image-136\" \/><\/figure>\n<\/figure>\n<\/div>\n\n\n\n<div class=\"wp-block-group alignfull has-base-background-color has-background has-global-padding is-layout-constrained wp-container-core-group-is-layout-d89aad35 wp-block-group-is-layout-constrained\" style=\"margin-top:0;margin-bottom:0;padding-top:var(--wp--preset--spacing--50);padding-right:var(--wp--preset--spacing--50);padding-bottom:var(--wp--preset--spacing--50);padding-left:var(--wp--preset--spacing--50)\">\n<ul class=\"wp-block-list\">\n<li>A seguran\u00e7a \u00e9 uma das nossas prioridades. Cada um de nossos estacionamentos conta com boa ilumina\u00e7\u00e3o e c\u00e2meras de vigil\u00e2ncia, criando um ambiente seguro onde os clientes podem deixar seus ve\u00edculos com tranquilidade. Al\u00e9m disso, garantimos uma sinaliza\u00e7\u00e3o clara e intuitiva, que orienta os usu\u00e1rios sobre entradas, sa\u00eddas e a disponibilidade de vagas, evitando frustra\u00e7\u00f5es e economizando tempo.<\/li>\n<\/ul>\n\n\n\n<div style=\"height:21px\" aria-hidden=\"true\" class=\"wp-block-spacer\"><\/div>\n\n\n\n<ul class=\"wp-block-list\">\n<li>Gerenciamos uma opera\u00e7\u00e3o de <strong>alt\u00edssima complexidade<\/strong>, com <strong>picos de estresse<\/strong> e necessidade de <strong>agilidade<\/strong> e <strong>empatia<\/strong>. Atendemos uma m\u00e9dia de <strong>20 mil ve\u00edculos por m\u00eas<\/strong> entre pacientes, m\u00e9dicos, enfermeiros e funcion\u00e1rios do hospital.<\/li>\n<\/ul>\n<\/div>\n\n\n\n<div class=\"wp-block-cover alignfull is-light has-parallax\" style=\"padding-top:var(--wp--preset--spacing--50);padding-right:var(--wp--preset--spacing--50);padding-bottom:var(--wp--preset--spacing--50);padding-left:var(--wp--preset--spacing--50);min-height:100vh;aspect-ratio:unset;\"><div class=\"wp-block-cover__image-background wp-image-127 size-large has-parallax\" style=\"background-position:50% 50%;background-image:url(https:\/\/pegasuswidjaja.wordpress.com\/wp-content\/uploads\/2025\/04\/20240301_144147.jpg?w=768)\"><\/div><span aria-hidden=\"true\" class=\"wp-block-cover__background has-base-background-color has-background-dim-0 has-background-dim\"><\/span><div class=\"wp-block-cover__inner-container has-global-padding is-layout-constrained wp-container-core-cover-is-layout-e4fd886c wp-block-cover-is-layout-constrained\">\n<div style=\"height:500px\" aria-hidden=\"true\" class=\"wp-block-spacer\"><\/div>\n<\/div><\/div>\n\n\n\n<div class=\"wp-block-group alignfull has-base-2-background-color has-background has-global-padding is-layout-constrained wp-container-core-group-is-layout-7cd14b77 wp-block-group-is-layout-constrained\" style=\"margin-top:0;margin-bottom:0;padding-top:var(--wp--preset--spacing--60);padding-right:var(--wp--preset--spacing--60);padding-bottom:var(--wp--preset--spacing--60);padding-left:var(--wp--preset--spacing--60)\">\n<div class=\"wp-block-group alignwide is-layout-flow wp-block-group-is-layout-flow\">\n<h3 class=\"wp-block-heading has-text-align-center\">O estacionamento n\u00e3o \u00e9 apenas um detalhe, \u00e9 a <strong>porta de entrada<\/strong> e o primeiro ponto de contato com o cliente.<\/h3>\n\n\n\n<div style=\"height:27px\" aria-hidden=\"true\" class=\"wp-block-spacer\"><\/div>\n\n\n\n<h3 class=\"wp-block-heading has-text-align-center\"><strong>Nossa viv\u00eancia<\/strong> \u00e9 nessa categoria de clientes exigentes quanto aos padr\u00f5es de qualidade percebida e focado no <strong>atendimento premium<\/strong>.<\/h3>\n<\/div>\n<\/div>\n\n\n\n<div class=\"wp-block-group alignfull has-base-2-color has-contrast-background-color has-text-color has-background has-link-color wp-elements-04630a621b85425ffbb15f0137521781 has-global-padding is-layout-constrained wp-container-core-group-is-layout-facafb6f wp-block-group-is-layout-constrained\" style=\"margin-top:0;margin-bottom:0;padding-top:var(--wp--preset--spacing--50);padding-right:var(--wp--preset--spacing--50);padding-bottom:var(--wp--preset--spacing--50);padding-left:var(--wp--preset--spacing--50)\">\n<div class=\"wp-block-columns alignwide is-layout-flex wp-container-core-columns-is-layout-d1c656ed wp-block-columns-is-layout-flex\">\n<div class=\"wp-block-column is-vertically-aligned-stretch is-layout-flow wp-block-column-is-layout-flow\" style=\"padding-right:0;flex-basis:60%\">\n<div class=\"wp-block-group is-vertical is-content-justification-stretch is-layout-flex wp-container-core-group-is-layout-5621715d wp-block-group-is-layout-flex\" style=\"min-height:100%\">\n<div class=\"wp-block-cover aligncenter\" style=\"min-height:632px;aspect-ratio:unset;\"><img decoding=\"async\" class=\"wp-block-cover__image-background wp-image-128\" alt=\"\" src=\"https:\/\/pegasuswidjaja.wordpress.com\/wp-content\/uploads\/2025\/04\/20231113_184116-2.jpg?w=768\" data-object-fit=\"cover\" \/><span aria-hidden=\"true\" class=\"wp-block-cover__background has-background-dim\"><\/span><div class=\"wp-block-cover__inner-container is-layout-flow wp-block-cover-is-layout-flow\">\n<p class=\"has-text-align-center has-large-font-size\"><\/p>\n<\/div><\/div>\n<\/div>\n<\/div>\n\n\n\n<div class=\"wp-block-column is-layout-flow wp-block-column-is-layout-flow\" style=\"flex-basis:40%\">\n<div class=\"wp-block-group has-global-padding is-layout-constrained wp-block-group-is-layout-constrained\">\n<div style=\"height:48px\" aria-hidden=\"true\" class=\"wp-block-spacer\"><\/div>\n<\/div>\n\n\n\n<ul class=\"wp-block-list\">\n<li>A limpeza e a manuten\u00e7\u00e3o dos nossos estacionamentos s\u00e3o rigorosamente mantidas, refletindo nosso compromisso com a qualidade. Oferecemos uma estrutura de tarifas justa e transparente, com op\u00e7\u00f5es de pagamento flex\u00edveis, para conquistar a confian\u00e7a de nossos clientes.<\/li>\n<\/ul>\n\n\n\n<div style=\"height:12px\" aria-hidden=\"true\" class=\"wp-block-spacer\"><\/div>\n\n\n\n<ul class=\"wp-block-list\">\n<li>Acreditamos que um bom atendimento ao cliente \u00e9 fundamental para proporcionar uma experi\u00eancia memor\u00e1vel. Nossa equipe treinada est\u00e1 sempre dispon\u00edvel para ajudar os usu\u00e1rios com d\u00favidas ou problemas, garantindo um atendimento acolhedor e eficiente.<\/li>\n<\/ul>\n\n\n\n<div style=\"height:12px\" aria-hidden=\"true\" class=\"wp-block-spacer\"><\/div>\n\n\n\n<ul class=\"wp-block-list\">\n<li>A Pegasus Parking se destaca por sua dedica\u00e7\u00e3o em oferecer estacionamentos de excel\u00eancia, unindo localiza\u00e7\u00e3o estrat\u00e9gica, seguran\u00e7a, conforto, tecnologia, servi\u00e7os adicionais e um atendimento de qualidade, criando um espa\u00e7o que atende e supera as expectativas dos usu\u00e1rios.<\/li>\n<\/ul>\n\n\n\n<h2 class=\"wp-block-heading\"><\/h2>\n\n\n\n<div style=\"height:11px\" aria-hidden=\"true\" class=\"wp-block-spacer\"><\/div>\n<\/div>\n<\/div>\n\n\n\n<div class=\"wp-block-group alignwide is-content-justification-left is-nowrap is-layout-flex wp-container-core-group-is-layout-fc9f69e7 wp-block-group-is-layout-flex\">\n<ul class=\"wp-block-list\">\n<li><strong>Manobristas experientes<\/strong>&nbsp;&#8211; equipe treinada e capacitada, a empresa preza por profissionalismo, cordialidade e agilidade no atendimento aos clientes do estacionamento.<\/li>\n\n\n\n<li>Socorro M\u00f3vel, com&nbsp;<strong>primeiros socorros aos ve\u00edculos<\/strong>&nbsp;em caso de falha mec\u00e2nica.<\/li>\n\n\n\n<li>Em conformidade com o programa de&nbsp;<strong>preven\u00e7\u00e3o de riscos ambientais e ocupacionais<\/strong>&nbsp;(PPRA\/PCMSO).<\/li>\n\n\n\n<li>Ap\u00f3lice de&nbsp;<strong>seguro de 1\u00aa linha.<\/strong><\/li>\n<\/ul>\n\n\n\n<div style=\"height:42px;width:0px\" aria-hidden=\"true\" class=\"wp-block-spacer wp-container-content-83393143\"><\/div>\n<\/div>\n<\/div>\n\n\n\n<p><\/p>\n","protected":false},"excerpt":{"rendered":"<p>O estacionamento n\u00e3o \u00e9 apenas um detalhe, \u00e9 a porta de entrada e o primeiro ponto de contato com o cliente. Nossa viv\u00eancia \u00e9 nessa categoria de clientes exigentes quanto aos padr\u00f5es de qualidade percebida e focado no atendimento premium.<\/p>\n","protected":false},"author":1,"featured_media":0,"parent":0,"menu_order":0,"comment_status":"closed","ping_status":"closed","template":"","meta":{"footnotes":""},"class_list":["post-12","page","type-page","status-publish","hentry"],"_links":{"self":[{"href":"http:\/\/pegasusparking.com.br\/index.php\/wp-json\/wp\/v2\/pages\/12","targetHints":{"allow":["GET"]}}],"collection":[{"href":"http:\/\/pegasusparking.com.br\/index.php\/wp-json\/wp\/v2\/pages"}],"about":[{"href":"http:\/\/pegasusparking.com.br\/index.php\/wp-json\/wp\/v2\/types\/page"}],"author":[{"embeddable":true,"href":"http:\/\/pegasusparking.com.br\/index.php\/wp-json\/wp\/v2\/users\/1"}],"replies":[{"embeddable":true,"href":"http:\/\/pegasusparking.com.br\/index.php\/wp-json\/wp\/v2\/comments?post=12"}],"version-history":[{"count":0,"href":"http:\/\/pegasusparking.com.br\/index.php\/wp-json\/wp\/v2\/pages\/12\/revisions"}],"wp:attachment":[{"href":"http:\/\/pegasusparking.com.br\/index.php\/wp-json\/wp\/v2\/media?parent=12"}],"curies":[{"name":"wp","href":"https:\/\/api.w.org\/{rel}","templated":true}]}}