{"id":13,"date":"2025-04-06T23:25:36","date_gmt":"2025-04-07T02:25:36","guid":{"rendered":"https:\/\/pegasuswidjaja.wordpress.com\/?page_id=13"},"modified":"2025-04-06T23:25:36","modified_gmt":"2025-04-07T02:25:36","slug":"contato","status":"publish","type":"page","link":"http:\/\/pegasusparking.com.br\/index.php\/contato\/","title":{"rendered":"CONTATO"},"content":{"rendered":"\n<div class=\"wp-block-group alignfull has-global-padding is-layout-constrained wp-container-core-group-is-layout-1cb96c6a wp-block-group-is-layout-constrained\" style=\"padding-top:var(--wp--preset--spacing--50);padding-bottom:var(--wp--preset--spacing--40)\">\n<div class=\"wp-block-group alignfull is-style-default is-layout-flow wp-block-group-is-layout-flow\" style=\"margin-top:0;margin-bottom:0\">\n<div class=\"wp-block-columns alignwide is-layout-flex wp-container-core-columns-is-layout-08c01c1c wp-block-columns-is-layout-flex\">\n<div class=\"wp-block-column is-vertically-aligned-center is-layout-flow wp-block-column-is-layout-flow\">\n<p class=\"has-text-align-center\">Rua dos Marianos, 184 Osasco, SP (escrit\u00f3rio)<br>Fone: 11 3681-3515<br>Celular: 11 99527-2773<br>Hor\u00e1rio comercial de seg \u00e0 sex das 8hrs \u00e0s 18hrs<\/p>\n\n\n\n<p class=\"has-text-align-center\">Email:&nbsp;<a href=\"mailto:contato@pegasusparking.com.br\">contato@pegasusparking.com.br<\/a><\/p>\n<\/div>\n\n\n\n<div class=\"wp-block-column is-layout-flow wp-block-column-is-layout-flow\">\n<div class=\"wp-block-jetpack-map is-style-default\" data-map-style=\"default\" data-map-details=\"true\" data-points=\"[{&quot;placeTitle&quot;:&quot;Rua dos Marianos, 184, Centro, Osasco - SP, Brasil&quot;,&quot;title&quot;:&quot;Rua dos Marianos, 184, Centro, Osasco - SP, Brasil&quot;,&quot;caption&quot;:&quot;Rua dos Marianos, 184, Centro, Osasco - SP, Brasil&quot;,&quot;coordinates&quot;:{&quot;longitude&quot;:-46.7806382,&quot;latitude&quot;:-23.5329733},&quot;id&quot;:&quot;Rua dos Marianos, 184, Centro, Osasco - SP, Brasil -23.53 -46.78&quot;}]\" data-zoom=\"12.439159156368799\" data-map-center=\"{&quot;lat&quot;:-23.53302656554415,&quot;lng&quot;:-46.7806382}\" data-marker-color=\"#151515\" data-map-height=\"410\" data-show-fullscreen-button=\"true\"><ul><li><a href=\"https:\/\/www.google.com\/maps\/search\/?api=1&amp;query=-23.5329733,-46.7806382\">Rua dos Marianos, 184, Centro, Osasco &#8211; SP, Brasil<\/a><\/li><\/ul><\/div>\n<\/div>\n<\/div>\n<\/div>\n<\/div>\n","protected":false},"excerpt":{"rendered":"<p>Rua dos Marianos, 184 Osasco, SP (escrit\u00f3rio)Fone: 11 3681-3515Celular: 11 99527-2773Hor\u00e1rio comercial de seg \u00e0 sex das 8hrs \u00e0s 18hrs Email:&nbsp;contato@pegasusparking.com.br<\/p>\n","protected":false},"author":1,"featured_media":0,"parent":0,"menu_order":0,"comment_status":"closed","ping_status":"closed","template":"","meta":{"footnotes":""},"class_list":["post-13","page","type-page","status-publish","hentry"],"_links":{"self":[{"href":"http:\/\/pegasusparking.com.br\/index.php\/wp-json\/wp\/v2\/pages\/13","targetHints":{"allow":["GET"]}}],"collection":[{"href":"http:\/\/pegasusparking.com.br\/index.php\/wp-json\/wp\/v2\/pages"}],"about":[{"href":"http:\/\/pegasusparking.com.br\/index.php\/wp-json\/wp\/v2\/types\/page"}],"author":[{"embeddable":true,"href":"http:\/\/pegasusparking.com.br\/index.php\/wp-json\/wp\/v2\/users\/1"}],"replies":[{"embeddable":true,"href":"http:\/\/pegasusparking.com.br\/index.php\/wp-json\/wp\/v2\/comments?post=13"}],"version-history":[{"count":0,"href":"http:\/\/pegasusparking.com.br\/index.php\/wp-json\/wp\/v2\/pages\/13\/revisions"}],"wp:attachment":[{"href":"http:\/\/pegasusparking.com.br\/index.php\/wp-json\/wp\/v2\/media?parent=13"}],"curies":[{"name":"wp","href":"https:\/\/api.w.org\/{rel}","templated":true}]}}